{"id":976,"date":"2017-08-01T23:17:56","date_gmt":"2017-08-01T21:17:56","guid":{"rendered":"http:\/\/constra.cz\/references\/rekonstrukce-a-remodeling\/"},"modified":"2017-09-02T16:22:41","modified_gmt":"2017-09-02T14:22:41","slug":"reconstructions-and-remodelings","status":"publish","type":"page","link":"https:\/\/constra.cz\/en\/references\/reconstructions-and-remodelings\/","title":{"rendered":"Reconstructions and remodelings"},"content":{"rendered":"<p>[et_pb_section bb_built=&#8221;1&#8243; _builder_version=&#8221;3.0.47&#8243; custom_padding=&#8221;0px|0px|54px|0px&#8221;][et_pb_row custom_padding=&#8221;15px|0px|15px|0px&#8221; _builder_version=&#8221;3.0.61&#8243; custom_css_main_element=&#8221;border-bottom: 1px solid #ddd;&#8221;][et_pb_column type=&#8221;1_3&#8243;][et_pb_blurb admin_label=&#8221;Stavebn\u00ed objekty&#8221; title=&#8221;Design and construction of retail units&#8221; url=&#8221;https:\/\/constra.cz\/en\/references\/design-and-construction-of-retail-units\/&#8221; use_icon=&#8221;on&#8221; font_icon=&#8221;%%95%%&#8221; icon_color=&#8221;#185880&#8243; use_circle=&#8221;on&#8221; circle_color=&#8221;#ffffff&#8221; use_circle_border=&#8221;on&#8221; circle_border_color=&#8221;#143c64&#8243; animation=&#8221;off&#8221; text_orientation=&#8221;center&#8221; use_icon_font_size=&#8221;on&#8221; icon_font_size=&#8221;25px&#8221; module_class=&#8221;velka-ikona&#8221; _builder_version=&#8221;3.0.64&#8243; header_font=&#8221;|||on|&#8221; header_font_size=&#8221;16px&#8221; header_text_color=&#8221;#143c64&#8243; header_line_height=&#8221;1.2em&#8221; background_size=&#8221;initial&#8221; background_position=&#8221;top_left&#8221; background_repeat=&#8221;repeat&#8221; custom_padding=&#8221;20px|20px|20px|20px&#8221; \/][\/et_pb_column][et_pb_column type=&#8221;1_3&#8243;][et_pb_blurb admin_label=&#8221;Obchodn\u00ed vestavby a remodeling&#8221; title=&#8221;OFFICE FIT-OUT&#8221; url=&#8221;https:\/\/constra.cz\/en\/references\/office-fit-outs\/&#8221; use_icon=&#8221;on&#8221; font_icon=&#8221;%%371%%&#8221; icon_color=&#8221;#143c64&#8243; use_circle=&#8221;on&#8221; circle_color=&#8221;#ffffff&#8221; use_circle_border=&#8221;on&#8221; circle_border_color=&#8221;#143c64&#8243; animation=&#8221;off&#8221; text_orientation=&#8221;center&#8221; use_icon_font_size=&#8221;on&#8221; icon_font_size=&#8221;25px&#8221; module_class=&#8221;velka-ikona&#8221; _builder_version=&#8221;3.0.64&#8243; header_font=&#8221;|||on|&#8221; header_font_size=&#8221;16px&#8221; header_text_color=&#8221;#143c64&#8243; header_line_height=&#8221;1.2em&#8221; background_size=&#8221;initial&#8221; background_position=&#8221;top_left&#8221; background_repeat=&#8221;repeat&#8221; custom_padding=&#8221;20px|20px|20px|20px&#8221; \/][\/et_pb_column][et_pb_column type=&#8221;1_3&#8243;][et_pb_blurb admin_label=&#8221;In\u017een\u00fdrsk\u00e1 \u010dinnost&#8221; title=&#8221;RECONSTRUCTION AND REMODELINGS&#8221; url=&#8221;https:\/\/constra.cz\/en\/references\/reconstructions-and-remodelings\/&#8221; use_icon=&#8221;on&#8221; font_icon=&#8221;%%135%%&#8221; icon_color=&#8221;#143c64&#8243; use_circle=&#8221;on&#8221; circle_color=&#8221;#ffffff&#8221; use_circle_border=&#8221;on&#8221; circle_border_color=&#8221;#143c64&#8243; animation=&#8221;off&#8221; text_orientation=&#8221;center&#8221; use_icon_font_size=&#8221;on&#8221; icon_font_size=&#8221;25px&#8221; module_class=&#8221;velka-ikona&#8221; _builder_version=&#8221;3.0.64&#8243; header_font=&#8221;|||on|on&#8221; header_font_size=&#8221;16px&#8221; header_text_color=&#8221;#143c64&#8243; header_line_height=&#8221;1.2em&#8221; background_size=&#8221;initial&#8221; background_position=&#8221;top_left&#8221; background_repeat=&#8221;repeat&#8221; custom_padding=&#8221;20px|20px|20px|20px&#8221; \/][\/et_pb_column][\/et_pb_row][et_pb_row admin_label=&#8221;row&#8221; _builder_version=&#8221;3.0.47&#8243; background_size=&#8221;initial&#8221; background_position=&#8221;top_left&#8221; background_repeat=&#8221;repeat&#8221;][et_pb_column type=&#8221;4_4&#8243;][et_pb_portfolio fullwidth=&#8221;off&#8221; include_categories=&#8221;20&#8243; show_categories=&#8221;off&#8221; show_pagination=&#8221;off&#8221; zoom_icon_color=&#8221;#143c64&#8243; _builder_version=&#8221;3.0.67&#8243; title_font_size=&#8221;14px&#8221; title_line_height=&#8221;1.5em&#8221; background_size=&#8221;initial&#8221; background_position=&#8221;top_left&#8221; background_repeat=&#8221;repeat&#8221; use_border_color=&#8221;on&#8221; border_color=&#8221;#143c64&#8243; custom_css_portfolio_title=&#8221;padding: 10px;||min-height: 70px;||vertical-align: center;||text-align: center;||vertical-align: middle;||&#8221; show_title=&#8221;on&#8221; hover_overlay_color=&#8221;rgba(255,255,255,0.9)&#8221; background_layout=&#8221;light&#8221; border_style=&#8221;solid&#8221; posts_number=&#8221;-1&#8243; \/][\/et_pb_column][\/et_pb_row][\/et_pb_section][et_pb_section bb_built=&#8221;1&#8243; custom_padding=&#8221;0px|0px|0px|0px&#8221; _builder_version=&#8221;3.0.61&#8243; custom_css_main_element=&#8221;border-top: 1px solid white;&#8221;][\/et_pb_section]<\/p>\n","protected":false},"excerpt":{"rendered":"","protected":false},"author":14,"featured_media":0,"parent":856,"menu_order":0,"comment_status":"closed","ping_status":"closed","template":"","meta":{"_acf_changed":false,"_et_pb_use_builder":"on","_et_pb_old_content":"","_et_gb_content_width":"","footnotes":""},"class_list":["post-976","page","type-page","status-publish","hentry"],"acf":[],"_links":{"self":[{"href":"https:\/\/constra.cz\/en\/wp-json\/wp\/v2\/pages\/976","targetHints":{"allow":["GET"]}}],"collection":[{"href":"https:\/\/constra.cz\/en\/wp-json\/wp\/v2\/pages"}],"about":[{"href":"https:\/\/constra.cz\/en\/wp-json\/wp\/v2\/types\/page"}],"author":[{"embeddable":true,"href":"https:\/\/constra.cz\/en\/wp-json\/wp\/v2\/users\/14"}],"replies":[{"embeddable":true,"href":"https:\/\/constra.cz\/en\/wp-json\/wp\/v2\/comments?post=976"}],"version-history":[{"count":19,"href":"https:\/\/constra.cz\/en\/wp-json\/wp\/v2\/pages\/976\/revisions"}],"predecessor-version":[{"id":1831,"href":"https:\/\/constra.cz\/en\/wp-json\/wp\/v2\/pages\/976\/revisions\/1831"}],"up":[{"embeddable":true,"href":"https:\/\/constra.cz\/en\/wp-json\/wp\/v2\/pages\/856"}],"wp:attachment":[{"href":"https:\/\/constra.cz\/en\/wp-json\/wp\/v2\/media?parent=976"}],"curies":[{"name":"wp","href":"https:\/\/api.w.org\/{rel}","templated":true}]}}